{"id":6938,"date":"2018-07-25T09:53:48","date_gmt":"2018-07-25T07:53:48","guid":{"rendered":"https:\/\/herz-und-hand.de\/?page_id=6938"},"modified":"2018-07-27T18:36:54","modified_gmt":"2018-07-27T16:36:54","slug":"privacy-policy","status":"publish","type":"page","link":"https:\/\/herz-und-hand.de\/en\/privacy-policy\/","title":{"rendered":"Privacy Policy"},"content":{"rendered":"<h4>Datenschutz<\/h4>\n<p class=\"tiny_p\">Bei jedem Zugriff auf das Internetangebot und bei jedem Abruf einer Datei werden Daten \u00fcber diesen Vorgang in einer Protokolldatei gespeichert und verarbeitet.<\/p>\n<p class=\"tiny_p\">Im Einzelnen werden \u00fcber jeden Zugriff\/Abruf folgende Daten gespeichert:<\/p>\n<ul>\n<li>Datum\/Uhrzeit<\/li>\n<li>besuchte Seite<\/li>\n<li>Beschreibung des Typs des verwendeten Webbrowsers<\/li>\n<li>verwendetes Betriebssystem<\/li>\n<li>IP-Adresse<\/li>\n<li>Suchbegriffe<\/li>\n<\/ul>\n<p class=\"tiny_p\">Die Daten werden ausschlie\u00dflich f\u00fcr statistische Zwecke verarbeitet und ausgewertet. Die gef\u00fchrte Zugriffsstatistik l\u00e4sst keine R\u00fcckschl\u00fcsse auf personenbezogene Daten zu.<\/p>\n<p class=\"tiny_p\">Beim Aufruf einzelner Seiten werden sog. tempor\u00e4re Cookies verwendet, um die Navigation zu erleichtern. Diese Session-Cookies beinhalten keine personenbezogenen Daten und verfallen nach Ablauf der Sitzung. Java-Applets und Active-X-Controls werden nicht eingesetzt.<\/p>\n<p class=\"tiny_p\">Wenn Sie uns \u00fcber das Kontaktformular erreichen, werden die von Ihnen angegebenen pers\u00f6nlichen Daten ausschlie\u00dflich zur Bearbeitung Ihres Anliegens bzw. Ihres Antrages verwendet. Die pers\u00f6nlichen Daten werden nicht in unseren elektronischen Datenbestand aufgenommen. Eine Weitergabe an Dritte erfolgt nicht. Beachten Sie bitte, dass die Daten\u00fcbermittlung \u00fcber das Kontaktformular unverschl\u00fcsselt erfolgt &#8211; wir k\u00f6nnen daher nicht ausschlie\u00dfen, dass die Daten w\u00e4hrend der elektronischen \u00dcbertragung an uns von Dritten gelesen oder ver\u00e4ndert werden k\u00f6nnen. F\u00fcr vertrauliche Nachrichten nutzen Sie bitte den herk\u00f6mmlichen Postweg.<\/p>\n<hr \/>\n<h4>Wichtige Hinweise zu Emails<\/h4>\n<p class=\"tiny_p\">Dieser Kommunikationsweg (Email) steht ausschlie\u00dflich f\u00fcr Verwaltungsangelegenheiten zur Verf\u00fcgung. Es wird darauf hingewiesen, dass mit diesem Kommunikationsmittel Verfahrensantr\u00e4ge oder Schrifts\u00e4tze\u00a0<strong>nicht rechtswirksam<\/strong>\u00a0eingereicht werden k\u00f6nnen. Sollte Ihre Nachricht einen entsprechenden Schriftsatz beinhalten, ist eine Wiederholung der \u00dcbermittlung mittels Telefax oder auf dem Postwege unbedingt erforderlich.<\/p>\n<p class=\"tiny_p\">Da es aus verwaltungsinternen Gr\u00fcnden derzeit nicht m\u00f6glich ist, alle Vorg\u00e4nge, die per Email eingehen, auch auf elektronischem Wege zu beantworten, werden die Nutzer des Email-Zugangs gebeten, neben der Email-Adresse auch ihre Postanschrift anzugeben.<\/p>\n<hr \/>\n<h4>Netzwerk<\/h4>\n<p class=\"tiny_p\">Alle Portale auf Basis PortUNA.cms sind untereinander vernetzt. Daher werden Informationen auch anderen Portalen thematisch und regional zugeordnet. (Beispiel: Veranstaltungen einer Kommune werden auch auf einem landesweiten Portal dargestellt.) Nutzer, die sich auf diesem Portal anmelden, k\u00f6nnen sich auch auf anderen Portalen des Netzwerkes anmelden.<\/p>\n<hr \/>\n<h4>Urheberrecht<\/h4>\n<p class=\"tiny_p\">Die Rechte am Inhalt dieses Internet-Auftritts liegen sowohl beim Herausgeber als auch beim Betreiber. Eine Nachnutzung in anderen elektronischen oder gedruckten Publikationen, gleich welcher Art und auch auszugsweise, bedarf der schriftlichen Genehmigung des Herausgebers und des Betreibers.<\/p>\n<p class=\"tiny_p\">Alle Rechte am Design und der Technologie dieses Internet-Auftritts liegen beim Betreiber. Eine Nachnutzung, gleich welcher Art und auch auszugsweise, ist ohne schriftliche Genehmigung des Betreibers untersagt. Zuwiderhandlungen werden zivil- und strafrechtlich verfolgt.<\/p>\n<p class=\"tiny_p\">Der Herausgeber ist bestrebt, in allen Publikationen die Urheberrechte der verwendeten Grafiken, Sounds und Texte zu beachten, von ihm selbst erstellte Grafiken, Sounds und Texte zu nutzen oder auf lizenzfreie Grafiken, Sounds und Texte zur\u00fcckzugreifen. Sollte sich auf den jeweiligen Seiten dennoch eine ungekennzeichnete, aber durch fremdes Copyright gesch\u00fctzte Grafik, ein Sound oder Text befinden, so konnte das Urheberrecht vom Herausgeber nicht festgestellt werden. Im Falle einer solchen unbeabsichtigten Copyright-Verletzung wird der Herausgeber das entsprechende Objekt nach Benachrichtigung aus seiner Publikation entfernen bzw. mit dem entsprechenden Copyright kenntlich machen.<\/p>\n<hr \/>\n<h4>Haftungsausschluss<\/h4>\n<p class=\"tiny_p\">Der Herausgeber dieser Homepage \u00fcbernimmt keinerlei Gew\u00e4hr f\u00fcr die Aktualit\u00e4t, Korrektheit, Vollst\u00e4ndigkeit oder Qualit\u00e4t der bereitgestellten Informationen. Der Herausgeber beh\u00e4lt es sich ausdr\u00fccklich vor, Teile der Seiten oder das gesamte Angebot ohne gesonderte Ank\u00fcndigung zu ver\u00e4ndern, zu erg\u00e4nzen, zu l\u00f6schen oder die Ver\u00f6ffentlichung zeitweise oder endg\u00fcltig einzustellen. Haftungsanspr\u00fcche gegen den Inhaber, die sich auf Sch\u00e4den materieller oder ideeller Art beziehen, welche durch die Nutzung oder Nichtnutzung der dargebotenen Informationen bzw. durch die Nutzung fehlerhafter und unvollst\u00e4ndiger Informationen verursacht wurden sind ausgeschlossen.<\/p>\n<p class=\"tiny_p\">Mit Urteil vom 12. Mai 1998 hat das Landgericht Hamburg entschieden, dass man durch die Anbringung eines Links die Inhalte der gelinkten Seite ggf. mit zu verantworten hat. Dies kann, so das LG, nur dadurch verhindert werden, dass man sich ausdr\u00fccklich von diesen Inhalten distanziert. Wir m\u00f6chten ausdr\u00fccklich betonen, dass wir keinerlei Einfluss auf die Gestaltung und die Inhalte der gelinkten Seiten haben. Deshalb distanzieren wir uns hiermit ausdr\u00fccklich von allen Inhalten aller gelinkter Seiten und machen uns diese nicht zu Eigen. Diese Erkl\u00e4rung gilt f\u00fcr alle innerhalb unserer Seiten, ausgebrachte Links und f\u00fcr alle Inhalte der Seiten, zu denen diese Links f\u00fchren.<\/p>\n<p class=\"tiny_p\">F\u00fcr Inhalte und Sch\u00e4den, die aus der Nutzung oder Nichtnutzung durch Links dargebotener Informationen entstehen, haften allein die Anbieter dieser Seiten, nicht derjenige, der \u00fcber Links auf die jeweilige Ver\u00f6ffentlichung lediglich verweist. Diese Einschr\u00e4nkung gilt gleicherma\u00dfen auch f\u00fcr Fremdeintr\u00e4ge in allen interaktiven Elementen dieses Internet-Auftritts. F\u00fcr den Inhalt fremder Seiten ist ausschlie\u00dflich der betreffende Autor selbst verantwortlich.<\/p>\n<p class=\"tiny_p\">Die Links und Informationen dieser Homepage werden nur zum Informationsaustausch bereitgestellt und begr\u00fcnden keine gesch\u00e4ftlichen oder beruflichen Beziehungen irgendwelcher Art. Sie sind nicht als Rechts- oder Steuerberatungsleistungen zu verstehen, sondern dienen rein informativen Zwecken. Vor gesch\u00e4ftlichen Entscheidungen setzen Sie sich bitte mit ihrem Steuerberater oder Rechtsanwalt in Verbindung.<\/p>\n<hr \/>\n<h4>Hinweis zu Google Analytics<\/h4>\n<p class=\"tiny_p\">Sobald auf dieser Webseite Google Analytics, einen Webanalysedienst der Google Inc. (&#8220;Google&#8221;), verwendet wird, werden sog. &#8220;Cookies&#8221;, Textdateien, auf Ihrem Computer gespeichert, die eine Analyse der Benutzung der Website durch Sie erm\u00f6glichen.<\/p>\n<p class=\"tiny_p\">Die durch den Cookie erzeugten Informationen \u00fcber Ihre Benutzung dieser Website werden in der Regel an einen Server von Google in den USA \u00fcbertragen und dort gespeichert. Im Falle der Aktivierung der IP-Anonymisierung auf dieser Webseite, wird Ihre IP-Adresse von Google jedoch innerhalb von Mitgliedstaaten der Europ\u00e4ischen Union oder in anderen Vertragsstaaten des Abkommens \u00fcber den Europ\u00e4ischen Wirtschaftsraum zuvor gek\u00fcrzt. Nur in Ausnahmef\u00e4llen wird die volle IP-Adresse an einen Server von Google in den USA \u00fcbertragen und dort gek\u00fcrzt. Im Auftrag des Betreibers dieser Website wird Google diese Informationen benutzen, um Ihre Nutzung der Website auszuwerten, um Reports \u00fcber die Websiteaktivit\u00e4ten zusammenzustellen und um weitere mit der Websitenutzung und der Internetnutzung verbundene Dienstleistungen gegen\u00fcber dem Websitebetreiber zu erbringen.<\/p>\n<p class=\"tiny_p\">Die im Rahmen von Google Analytics von Ihrem Browser \u00fcbermittelte IP-Adresse wird nicht mit anderen Daten von Google zusammengef\u00fchrt. Sie k\u00f6nnen die Speicherung der Cookies durch eine entsprechende Einstellung Ihrer Browser-Software verhindern; wir weisen Sie jedoch darauf hin, dass Sie in diesem Fall gegebenenfalls nicht s\u00e4mtliche Funktionen dieser Website vollumf\u00e4nglich werden nutzen k\u00f6nnen. Sie k\u00f6nnen dar\u00fcber hinaus die Erfassung der durch das Cookie erzeugten und auf Ihre Nutzung der Website bezogenen Daten (inkl. Ihrer IP-Adresse) an Google sowie die Verarbeitung dieser Daten durch Google verhindern, indem sie das unter dem folgenden Link verf\u00fcgbare Browser-Plugin herunterladen und installieren [<a href=\"http:\/\/tools.google.com\/dlpage\/gaoptout?hl=de\">http:\/\/tools.google.com\/dlpage\/gaoptout?hl=de<\/a>].<\/p>\n<hr \/>\n<h4>Google Adsense Datenschutzhinweis<\/h4>\n<p class=\"tiny_p\">Soweit Google Adsense, einen Webanzeigendienst der Google Inc., USA (&#8220;Google&#8221;), auf dieser Website Werbung (Textanzeigen, Banner etc.) schaltet, speichert Ihr Browser eventuell ein von Google Inc. oder Dritten gesendetes Cookie. Die in dem Cookie gespeicherten Informationen k\u00f6nnen durch Google Inc. oder auch Dritte aufgezeichnet, gesammelt und ausgewertet werden. Dar\u00fcber hinaus verwendet Google Adsense zur Sammlung von Informationen auch sog. &#8220;WebBacons&#8221; (kleine unsichtbare Grafiken), durch deren Verwendung einfache Aktionen wie der Besucherverkehr auf der Webseite aufgezeichnet, gesammelt und ausgewertet werden k\u00f6nnen. Die durch den Cookie und\/oder Web Bacon erzeugten Informationen \u00fcber Ihre Nutzung dieser Website werden an einen Server von Google in den USA \u00fcbertragen und dort gespeichert. Google benutzt die so erhaltenen Informationen, um eine Auswertung Ihres Nutzungsverhaltens im Hinblick auf die AdSense-Anzeigen durchzuf\u00fchren. Google wird diese Informationen gegebenenfalls auch an Dritte \u00fcbertragen, sofern dies gesetzlich vorgeschrieben ist oder soweit Dritte diese Daten im Auftrag von Google verarbeiten. Ihre IP-Adresse wird von Google nicht mit anderen von Google gespeicherten Daten in Verbindung gebracht. Sie k\u00f6nnen das Speichern von Cookies auf Ihrer Festplatte und die Anzeige von Web Bacons verhindern. Dazu m\u00fcssen Sie in Ihren Browser-Einstellungen &#8220;keine Cookies akzeptieren&#8221; w\u00e4hlen (Im Internet-Explorer unter &#8220;Extras \/ Internetoptionen \/ Datenschutz \/ Einstellung&#8221;, bei Firefox unter &#8220;Extras \/ Einstellungen \/ Datenschutz \/ Cookies&#8221;).<\/p>\n","protected":false},"excerpt":{"rendered":"<p>Datenschutz Bei jedem Zugriff auf das Internetangebot und bei jedem Abruf einer Datei werden Daten \u00fcber diesen Vorgang in einer Protokolldatei gespeichert und verarbeitet. Im Einzelnen werden \u00fcber jeden Zugriff\/Abruf folgende Daten gespeichert: Datum\/Uhrzeit besuchte Seite Beschreibung des Typs des verwendeten Webbrowsers verwendetes Betriebssystem IP-Adresse Suchbegriffe Die Daten werden ausschlie\u00dflich f\u00fcr statistische Zwecke verarbeitet und&#8230;<\/p>\n","protected":false},"author":2,"featured_media":0,"parent":0,"menu_order":0,"comment_status":"closed","ping_status":"closed","template":"","meta":{"footnotes":""},"class_list":["post-6938","page","type-page","status-publish","hentry"],"yoast_head":"<!-- This site is optimized with the Yoast SEO plugin v27.0 - https:\/\/yoast.com\/product\/yoast-seo-wordpress\/ -->\n<title>Privacy Policy ist ein absolutes Muss und f\u00fcr uns selbstverst\u00e4ndlich.<\/title>\n<meta name=\"description\" content=\"Der Datenschutz geh\u00f6rt wie die Schweigepflicht zum Selbstverst\u00e4ndnis unserer Arbeit. Mehr zum Datenschutz auf diesen Seiten...\" \/>\n<meta name=\"robots\" content=\"index, follow, max-snippet:-1, max-image-preview:large, max-video-preview:-1\" \/>\n<link rel=\"canonical\" href=\"https:\/\/herz-und-hand.de\/en\/privacy-policy\/\" \/>\n<meta property=\"og:locale\" content=\"en_US\" \/>\n<meta property=\"og:type\" content=\"article\" \/>\n<meta property=\"og:title\" content=\"Privacy Policy ist ein absolutes Muss und f\u00fcr uns selbstverst\u00e4ndlich.\" \/>\n<meta property=\"og:description\" content=\"Der Datenschutz geh\u00f6rt wie die Schweigepflicht zum Selbstverst\u00e4ndnis unserer Arbeit. Mehr zum Datenschutz auf diesen Seiten...\" \/>\n<meta property=\"og:url\" content=\"https:\/\/herz-und-hand.de\/en\/privacy-policy\/\" \/>\n<meta property=\"og:site_name\" content=\"Herz und Hand\" \/>\n<meta property=\"article:publisher\" content=\"https:\/\/www.facebook.com\/profile.php?id=100012647145009\" \/>\n<meta property=\"article:modified_time\" content=\"2018-07-27T16:36:54+00:00\" \/>\n<meta property=\"og:image\" content=\"https:\/\/herz-und-hand.de\/wp-content\/uploads\/2018\/07\/logo-2.png\" \/>\n\t<meta property=\"og:image:width\" content=\"683\" \/>\n\t<meta property=\"og:image:height\" content=\"145\" \/>\n\t<meta property=\"og:image:type\" content=\"image\/png\" \/>\n<meta name=\"twitter:card\" content=\"summary_large_image\" \/>\n<meta name=\"twitter:label1\" content=\"Est. reading time\" \/>\n\t<meta name=\"twitter:data1\" content=\"7 minutes\" \/>\n<script type=\"application\/ld+json\" class=\"yoast-schema-graph\">{\"@context\":\"https:\/\/schema.org\",\"@graph\":[{\"@type\":\"WebPage\",\"@id\":\"https:\/\/herz-und-hand.de\/en\/privacy-policy\/\",\"url\":\"https:\/\/herz-und-hand.de\/en\/privacy-policy\/\",\"name\":\"Privacy Policy ist ein absolutes Muss und f\u00fcr uns selbstverst\u00e4ndlich.\",\"isPartOf\":{\"@id\":\"https:\/\/herz-und-hand.de\/en\/#website\"},\"datePublished\":\"2018-07-25T07:53:48+00:00\",\"dateModified\":\"2018-07-27T16:36:54+00:00\",\"description\":\"Der Datenschutz geh\u00f6rt wie die Schweigepflicht zum Selbstverst\u00e4ndnis unserer Arbeit. Mehr zum Datenschutz auf diesen Seiten...\",\"breadcrumb\":{\"@id\":\"https:\/\/herz-und-hand.de\/en\/privacy-policy\/#breadcrumb\"},\"inLanguage\":\"en-US\",\"potentialAction\":[{\"@type\":\"ReadAction\",\"target\":[\"https:\/\/herz-und-hand.de\/en\/privacy-policy\/\"]}]},{\"@type\":\"BreadcrumbList\",\"@id\":\"https:\/\/herz-und-hand.de\/en\/privacy-policy\/#breadcrumb\",\"itemListElement\":[{\"@type\":\"ListItem\",\"position\":1,\"name\":\"Home\",\"item\":\"https:\/\/herz-und-hand.de\/en\/\"},{\"@type\":\"ListItem\",\"position\":2,\"name\":\"Privacy Policy\"}]},{\"@type\":\"WebSite\",\"@id\":\"https:\/\/herz-und-hand.de\/en\/#website\",\"url\":\"https:\/\/herz-und-hand.de\/en\/\",\"name\":\"Herz und Hand\",\"description\":\"\",\"publisher\":{\"@id\":\"https:\/\/herz-und-hand.de\/en\/#organization\"},\"potentialAction\":[{\"@type\":\"SearchAction\",\"target\":{\"@type\":\"EntryPoint\",\"urlTemplate\":\"https:\/\/herz-und-hand.de\/en\/?s={search_term_string}\"},\"query-input\":{\"@type\":\"PropertyValueSpecification\",\"valueRequired\":true,\"valueName\":\"search_term_string\"}}],\"inLanguage\":\"en-US\"},{\"@type\":\"Organization\",\"@id\":\"https:\/\/herz-und-hand.de\/en\/#organization\",\"name\":\"Herz und Hand\",\"url\":\"https:\/\/herz-und-hand.de\/en\/\",\"logo\":{\"@type\":\"ImageObject\",\"inLanguage\":\"en-US\",\"@id\":\"https:\/\/herz-und-hand.de\/en\/#\/schema\/logo\/image\/\",\"url\":\"https:\/\/herz-und-hand.de\/wp-content\/uploads\/2018\/07\/logo-2.png\",\"contentUrl\":\"https:\/\/herz-und-hand.de\/wp-content\/uploads\/2018\/07\/logo-2.png\",\"width\":683,\"height\":145,\"caption\":\"Herz und Hand\"},\"image\":{\"@id\":\"https:\/\/herz-und-hand.de\/en\/#\/schema\/logo\/image\/\"},\"sameAs\":[\"https:\/\/www.facebook.com\/profile.php?id=100012647145009\",\"https:\/\/www.xing.com\/profile\/Anka_Schneider3\/cv?sc_o=mxb_p\"]}]}<\/script>\n<!-- \/ Yoast SEO plugin. -->","yoast_head_json":{"title":"Privacy Policy ist ein absolutes Muss und f\u00fcr uns selbstverst\u00e4ndlich.","description":"Der Datenschutz geh\u00f6rt wie die Schweigepflicht zum Selbstverst\u00e4ndnis unserer Arbeit. Mehr zum Datenschutz auf diesen Seiten...","robots":{"index":"index","follow":"follow","max-snippet":"max-snippet:-1","max-image-preview":"max-image-preview:large","max-video-preview":"max-video-preview:-1"},"canonical":"https:\/\/herz-und-hand.de\/en\/privacy-policy\/","og_locale":"en_US","og_type":"article","og_title":"Privacy Policy ist ein absolutes Muss und f\u00fcr uns selbstverst\u00e4ndlich.","og_description":"Der Datenschutz geh\u00f6rt wie die Schweigepflicht zum Selbstverst\u00e4ndnis unserer Arbeit. Mehr zum Datenschutz auf diesen Seiten...","og_url":"https:\/\/herz-und-hand.de\/en\/privacy-policy\/","og_site_name":"Herz und Hand","article_publisher":"https:\/\/www.facebook.com\/profile.php?id=100012647145009","article_modified_time":"2018-07-27T16:36:54+00:00","og_image":[{"width":683,"height":145,"url":"https:\/\/herz-und-hand.de\/wp-content\/uploads\/2018\/07\/logo-2.png","type":"image\/png"}],"twitter_card":"summary_large_image","twitter_misc":{"Est. reading time":"7 minutes"},"schema":{"@context":"https:\/\/schema.org","@graph":[{"@type":"WebPage","@id":"https:\/\/herz-und-hand.de\/en\/privacy-policy\/","url":"https:\/\/herz-und-hand.de\/en\/privacy-policy\/","name":"Privacy Policy ist ein absolutes Muss und f\u00fcr uns selbstverst\u00e4ndlich.","isPartOf":{"@id":"https:\/\/herz-und-hand.de\/en\/#website"},"datePublished":"2018-07-25T07:53:48+00:00","dateModified":"2018-07-27T16:36:54+00:00","description":"Der Datenschutz geh\u00f6rt wie die Schweigepflicht zum Selbstverst\u00e4ndnis unserer Arbeit. Mehr zum Datenschutz auf diesen Seiten...","breadcrumb":{"@id":"https:\/\/herz-und-hand.de\/en\/privacy-policy\/#breadcrumb"},"inLanguage":"en-US","potentialAction":[{"@type":"ReadAction","target":["https:\/\/herz-und-hand.de\/en\/privacy-policy\/"]}]},{"@type":"BreadcrumbList","@id":"https:\/\/herz-und-hand.de\/en\/privacy-policy\/#breadcrumb","itemListElement":[{"@type":"ListItem","position":1,"name":"Home","item":"https:\/\/herz-und-hand.de\/en\/"},{"@type":"ListItem","position":2,"name":"Privacy Policy"}]},{"@type":"WebSite","@id":"https:\/\/herz-und-hand.de\/en\/#website","url":"https:\/\/herz-und-hand.de\/en\/","name":"Herz und Hand","description":"","publisher":{"@id":"https:\/\/herz-und-hand.de\/en\/#organization"},"potentialAction":[{"@type":"SearchAction","target":{"@type":"EntryPoint","urlTemplate":"https:\/\/herz-und-hand.de\/en\/?s={search_term_string}"},"query-input":{"@type":"PropertyValueSpecification","valueRequired":true,"valueName":"search_term_string"}}],"inLanguage":"en-US"},{"@type":"Organization","@id":"https:\/\/herz-und-hand.de\/en\/#organization","name":"Herz und Hand","url":"https:\/\/herz-und-hand.de\/en\/","logo":{"@type":"ImageObject","inLanguage":"en-US","@id":"https:\/\/herz-und-hand.de\/en\/#\/schema\/logo\/image\/","url":"https:\/\/herz-und-hand.de\/wp-content\/uploads\/2018\/07\/logo-2.png","contentUrl":"https:\/\/herz-und-hand.de\/wp-content\/uploads\/2018\/07\/logo-2.png","width":683,"height":145,"caption":"Herz und Hand"},"image":{"@id":"https:\/\/herz-und-hand.de\/en\/#\/schema\/logo\/image\/"},"sameAs":["https:\/\/www.facebook.com\/profile.php?id=100012647145009","https:\/\/www.xing.com\/profile\/Anka_Schneider3\/cv?sc_o=mxb_p"]}]}},"_links":{"self":[{"href":"https:\/\/herz-und-hand.de\/en\/wp-json\/wp\/v2\/pages\/6938","targetHints":{"allow":["GET"]}}],"collection":[{"href":"https:\/\/herz-und-hand.de\/en\/wp-json\/wp\/v2\/pages"}],"about":[{"href":"https:\/\/herz-und-hand.de\/en\/wp-json\/wp\/v2\/types\/page"}],"author":[{"embeddable":true,"href":"https:\/\/herz-und-hand.de\/en\/wp-json\/wp\/v2\/users\/2"}],"replies":[{"embeddable":true,"href":"https:\/\/herz-und-hand.de\/en\/wp-json\/wp\/v2\/comments?post=6938"}],"version-history":[{"count":2,"href":"https:\/\/herz-und-hand.de\/en\/wp-json\/wp\/v2\/pages\/6938\/revisions"}],"predecessor-version":[{"id":7003,"href":"https:\/\/herz-und-hand.de\/en\/wp-json\/wp\/v2\/pages\/6938\/revisions\/7003"}],"wp:attachment":[{"href":"https:\/\/herz-und-hand.de\/en\/wp-json\/wp\/v2\/media?parent=6938"}],"curies":[{"name":"wp","href":"https:\/\/api.w.org\/{rel}","templated":true}]}}